{"id":32,"date":"2026-02-18T23:53:01","date_gmt":"2026-02-18T23:53:01","guid":{"rendered":"https:\/\/www.luisiglesias.co\/?page_id=32"},"modified":"2026-02-19T00:40:36","modified_gmt":"2026-02-19T00:40:36","slug":"quien-soy","status":"publish","type":"page","link":"https:\/\/www.luisiglesias.co\/?page_id=32","title":{"rendered":"Curriculum Vitae"},"content":{"rendered":"\n<p>Comunicador con m\u00e1s de doce a\u00f1os de experiencia en energ\u00eda, miner\u00eda y pol\u00edtica p\u00fablica en Colombia y Estados Unidos. He liderado estrategias de comunicaci\u00f3n, gesti\u00f3n reputacional y relacionamiento con medios en sectores de alta exposici\u00f3n p\u00fablica, articulando narrativa, datos y asuntos p\u00fablicos para fortalecer posicionamiento institucional y licencia social.<\/p>\n\n\n\n<h2 class=\"wp-block-heading\"><strong>Experiencia Profesional<\/strong><\/h2>\n\n\n\n<details class=\"wp-block-details is-layout-flow wp-block-details-is-layout-flow\"><summary><strong>Arthur J. Gallagher &amp; Co. <\/strong>| Digital Experience Specialist<\/summary>\n<p>Como parte del equipo global de Experiencia Digital de Gallagher, lidero la gesti\u00f3n estrat\u00e9gica de contenido y la optimizaci\u00f3n de presencia digital para los sitios web y redes sociales en Am\u00e9rica Latina. Mi labor contribuye al posicionamiento de marca, la coherencia institucional y el fortalecimiento de la reputaci\u00f3n de Gallagher en las Am\u00e9ricas.<\/p>\n<\/details>\n\n\n\n<details class=\"wp-block-details is-layout-flow wp-block-details-is-layout-flow\"><summary><strong>Refiner\u00eda de Cartagena (Grupo Ecopetrol)<\/strong> | Profesional Senior de Comunicaciones<\/summary>\n<p>Dirig\u00ed la planeaci\u00f3n y ejecuci\u00f3n de estrategias integrales de comunicaci\u00f3n interna y externa para uno de los proyectos industriales m\u00e1s relevantes del pa\u00eds, operado bajo r\u00e9gimen de Zona Franca. Lider\u00e9 la relaci\u00f3n con medios nacionales e internacionales, as\u00ed como la articulaci\u00f3n con grupos de inter\u00e9s clave del sector energ\u00e9tico, fortaleciendo la reputaci\u00f3n institucional y la licencia social de la compa\u00f1\u00eda.<\/p>\n\n\n\n<p>Entre mis principales logros se destacan el dise\u00f1o de narrativas estrat\u00e9gicas para la divulgaci\u00f3n del Proyecto de Modernizaci\u00f3n, la coordinaci\u00f3n de entrevistas y vocer\u00edas de alto nivel, la creaci\u00f3n de contenidos digitales y la gesti\u00f3n proactiva de asuntos reputacionales, especialmente del arbitraje entre Refiner\u00eda de Cartagena y CB&amp;I.<\/p>\n<\/details>\n\n\n\n<details class=\"wp-block-details is-layout-flow wp-block-details-is-layout-flow\"><summary><strong>Departamento Nacional de Planeaci\u00f3n (DNP)<\/strong> | L\u00edder de Comunicaciones de Pactos Territoriales<\/summary>\n<p>En el Departamento Nacional de Planeaci\u00f3n lider\u00e9 la estrategia integral de comunicaci\u00f3n de los Pactos Territoriales, posicionando el programa en la agenda p\u00fablica nacional. Dise\u00f1\u00e9 e implement\u00e9 acciones de visibilidad en medios y plataformas digitales, articul\u00e9 vocer\u00edas institucionales y coordin\u00e9 relacionamiento con prensa regional y nacional. Estructur\u00e9 contenidos estrat\u00e9gicos y presentaciones ejecutivas para fortalecer la comprensi\u00f3n y legitimidad del programa en los territorios.<\/p>\n<\/details>\n\n\n\n<ul class=\"wp-block-list\"><\/ul>\n\n\n\n<details class=\"wp-block-details is-layout-flow wp-block-details-is-layout-flow\"><summary><strong>National Sexual Violence Resource Center<\/strong> | Bilingual Resource Development Assistant<\/summary>\n<p>Dirig\u00ed la creaci\u00f3n de campa\u00f1as medi\u00e1ticas en espa\u00f1ol sobre la prevenci\u00f3n de la violencia sexual, dirigidas a las comunidades latinas de Pensilvania. Tambi\u00e9n implement\u00e9 estrategias para contenido publicitario impreso y digital, contenido optimizado para SEO, y el desarrollo de eventos para las comunidades latinas.<\/p>\n<\/details>\n\n\n\n<details class=\"wp-block-details is-layout-flow wp-block-details-is-layout-flow\"><summary><strong>Grupo Prodeco (Glencore)<\/strong> | Profesional de Comunicaciones<\/summary>\n<p>Lider\u00e9 la implementaci\u00f3n de estrategias de comunicaci\u00f3n internas y externas para consolidar la imagen de la compa\u00f1\u00eda, con el fin de promover un di\u00e1logo abierto, constructivo y transparente sobre la miner\u00eda en la regi\u00f3n del Cesar, en Colombia. Esta estrategia incluy\u00f3 la elaboraci\u00f3n de contenidos digitales y tradicionales, entrevistas con partes interesadas internas y externas, y relacionamiento con los medios de comunicaci\u00f3n.<\/p>\n<\/details>\n\n\n\n<details class=\"wp-block-details is-layout-flow wp-block-details-is-layout-flow\"><summary><strong>Diario El Heraldo de Barranquilla <\/strong>| Redactor Digital<\/summary>\n<p>Durante mi tiempo en EL HERALDO, trabaj\u00e9 como periodista digital, creando contenido medi\u00e1tico (cr\u00f3nicas, reportajes y noticias diarias), gestionando cuentas en redes sociales, optimizando para SEO y manteniendo interacci\u00f3n con la audiencia para asegurar la difusi\u00f3n precisa y oportuna de la informaci\u00f3n.<\/p>\n<\/details>\n\n\n\n<h2 class=\"wp-block-heading\"><strong>Educaci\u00f3n<\/strong><\/h2>\n\n\n\n<ul class=\"wp-block-list\">\n<li><strong>Pennsylvania State University (Pennsylvania, Estados Unidos)<\/strong> | M.A. en Comunicaciones<\/li>\n<\/ul>\n\n\n\n<ul class=\"wp-block-list\">\n<li><strong>Universidad Aut\u00f3noma del Caribe (Barranquilla, Colombia)<\/strong> | B.A. en Comunicaci\u00f3n Social y Periodismo<\/li>\n<\/ul>\n\n\n\n<h2 class=\"wp-block-heading\"><strong>Reconocimientos<\/strong><\/h2>\n\n\n\n<ul class=\"wp-block-list\">\n<li><strong>Richard E. Ziegler and Stephanie A. Ziegler History Scholarship<\/strong> | Pennsylvania State University: Beca acad\u00e9mica otorgada por excelencia y desempe\u00f1o sobresaliente en estudios de posgrado.<\/li>\n<\/ul>\n\n\n\n<ul class=\"wp-block-list\">\n<li><strong>Colfuturo Scholar<\/strong> | Fundaci\u00f3n Colfuturo Colombia: Beneficiario del programa cr\u00e9dito-beca para estudios de maestr\u00eda en el exterior, otorgado por m\u00e9rito acad\u00e9mico y proyecci\u00f3n profesional.<\/li>\n<\/ul>\n\n\n\n<p><\/p>\n","protected":false},"excerpt":{"rendered":"<p>Comunicador con m\u00e1s de doce a\u00f1os de experiencia en energ\u00eda, miner\u00eda y pol\u00edtica p\u00fablica en Colombia y Estados Unidos. He liderado estrategias de comunicaci\u00f3n, gesti\u00f3n reputacional y relacionamiento con medios en sectores de alta exposici\u00f3n p\u00fablica, articulando narrativa, datos y asuntos p\u00fablicos para fortalecer posicionamiento institucional y licencia social. Experiencia Profesional Educaci\u00f3n Reconocimientos<\/p>\n","protected":false},"author":1,"featured_media":0,"parent":0,"menu_order":0,"comment_status":"closed","ping_status":"closed","template":"","meta":{"footnotes":""},"class_list":["post-32","page","type-page","status-publish","hentry"],"yoast_head":"<!-- This site is optimized with the Yoast SEO plugin v27.0 - https:\/\/yoast.com\/product\/yoast-seo-wordpress\/ -->\n<title>Curriculum Vitae - Luis Iglesias Monsalve<\/title>\n<meta name=\"description\" content=\"Comunicaci\u00f3n Estrat\u00e9gica para la Transici\u00f3n Energ\u00e9tica y Cambio Clim\u00e1tico en Colombia.\" \/>\n<meta name=\"robots\" content=\"index, follow, max-snippet:-1, max-image-preview:large, max-video-preview:-1\" \/>\n<link rel=\"canonical\" href=\"https:\/\/www.luisiglesias.co\/?page_id=32\" \/>\n<meta property=\"og:locale\" content=\"es_ES\" \/>\n<meta property=\"og:type\" content=\"article\" \/>\n<meta property=\"og:title\" content=\"Curriculum Vitae - Luis Iglesias Monsalve\" \/>\n<meta property=\"og:description\" content=\"Comunicaci\u00f3n Estrat\u00e9gica para la Transici\u00f3n Energ\u00e9tica y Cambio Clim\u00e1tico en Colombia.\" \/>\n<meta property=\"og:url\" content=\"https:\/\/www.luisiglesias.co\/?page_id=32\" \/>\n<meta property=\"og:site_name\" content=\"Luis Iglesias Monsalve\" \/>\n<meta property=\"article:modified_time\" content=\"2026-02-19T00:40:36+00:00\" \/>\n<meta name=\"twitter:card\" content=\"summary_large_image\" \/>\n<meta name=\"twitter:label1\" content=\"Tiempo de lectura\" \/>\n\t<meta name=\"twitter:data1\" content=\"3 minutos\" \/>\n<script type=\"application\/ld+json\" class=\"yoast-schema-graph\">{\"@context\":\"https:\/\/schema.org\",\"@graph\":[{\"@type\":\"WebPage\",\"@id\":\"https:\/\/www.luisiglesias.co\/?page_id=32\",\"url\":\"https:\/\/www.luisiglesias.co\/?page_id=32\",\"name\":\"Curriculum Vitae - Luis Iglesias Monsalve\",\"isPartOf\":{\"@id\":\"https:\/\/www.luisiglesias.co\/#website\"},\"datePublished\":\"2026-02-18T23:53:01+00:00\",\"dateModified\":\"2026-02-19T00:40:36+00:00\",\"description\":\"Comunicaci\u00f3n Estrat\u00e9gica para la Transici\u00f3n Energ\u00e9tica y Cambio Clim\u00e1tico en Colombia.\",\"breadcrumb\":{\"@id\":\"https:\/\/www.luisiglesias.co\/?page_id=32#breadcrumb\"},\"inLanguage\":\"es\",\"potentialAction\":[{\"@type\":\"ReadAction\",\"target\":[\"https:\/\/www.luisiglesias.co\/?page_id=32\"]}]},{\"@type\":\"BreadcrumbList\",\"@id\":\"https:\/\/www.luisiglesias.co\/?page_id=32#breadcrumb\",\"itemListElement\":[{\"@type\":\"ListItem\",\"position\":1,\"name\":\"Portada\",\"item\":\"https:\/\/www.luisiglesias.co\/\"},{\"@type\":\"ListItem\",\"position\":2,\"name\":\"Curriculum Vitae\"}]},{\"@type\":\"WebSite\",\"@id\":\"https:\/\/www.luisiglesias.co\/#website\",\"url\":\"https:\/\/www.luisiglesias.co\/\",\"name\":\"Luis Iglesias\",\"description\":\"Comunicador Estrat\u00e9gico | Industria Energ\u00e9tica, Miner\u00eda, Oil &amp; Gas, y Renovables | Fundador de Nuntis | M.A. Penn State University\",\"alternateName\":\"Luis Iglesias Monsalve\",\"potentialAction\":[{\"@type\":\"SearchAction\",\"target\":{\"@type\":\"EntryPoint\",\"urlTemplate\":\"https:\/\/www.luisiglesias.co\/?s={search_term_string}\"},\"query-input\":{\"@type\":\"PropertyValueSpecification\",\"valueRequired\":true,\"valueName\":\"search_term_string\"}}],\"inLanguage\":\"es\"}]}<\/script>\n<!-- \/ Yoast SEO plugin. -->","yoast_head_json":{"title":"Curriculum Vitae - Luis Iglesias Monsalve","description":"Comunicaci\u00f3n Estrat\u00e9gica para la Transici\u00f3n Energ\u00e9tica y Cambio Clim\u00e1tico en Colombia.","robots":{"index":"index","follow":"follow","max-snippet":"max-snippet:-1","max-image-preview":"max-image-preview:large","max-video-preview":"max-video-preview:-1"},"canonical":"https:\/\/www.luisiglesias.co\/?page_id=32","og_locale":"es_ES","og_type":"article","og_title":"Curriculum Vitae - Luis Iglesias Monsalve","og_description":"Comunicaci\u00f3n Estrat\u00e9gica para la Transici\u00f3n Energ\u00e9tica y Cambio Clim\u00e1tico en Colombia.","og_url":"https:\/\/www.luisiglesias.co\/?page_id=32","og_site_name":"Luis Iglesias Monsalve","article_modified_time":"2026-02-19T00:40:36+00:00","twitter_card":"summary_large_image","twitter_misc":{"Tiempo de lectura":"3 minutos"},"schema":{"@context":"https:\/\/schema.org","@graph":[{"@type":"WebPage","@id":"https:\/\/www.luisiglesias.co\/?page_id=32","url":"https:\/\/www.luisiglesias.co\/?page_id=32","name":"Curriculum Vitae - Luis Iglesias Monsalve","isPartOf":{"@id":"https:\/\/www.luisiglesias.co\/#website"},"datePublished":"2026-02-18T23:53:01+00:00","dateModified":"2026-02-19T00:40:36+00:00","description":"Comunicaci\u00f3n Estrat\u00e9gica para la Transici\u00f3n Energ\u00e9tica y Cambio Clim\u00e1tico en Colombia.","breadcrumb":{"@id":"https:\/\/www.luisiglesias.co\/?page_id=32#breadcrumb"},"inLanguage":"es","potentialAction":[{"@type":"ReadAction","target":["https:\/\/www.luisiglesias.co\/?page_id=32"]}]},{"@type":"BreadcrumbList","@id":"https:\/\/www.luisiglesias.co\/?page_id=32#breadcrumb","itemListElement":[{"@type":"ListItem","position":1,"name":"Portada","item":"https:\/\/www.luisiglesias.co\/"},{"@type":"ListItem","position":2,"name":"Curriculum Vitae"}]},{"@type":"WebSite","@id":"https:\/\/www.luisiglesias.co\/#website","url":"https:\/\/www.luisiglesias.co\/","name":"Luis Iglesias","description":"Comunicador Estrat\u00e9gico | Industria Energ\u00e9tica, Miner\u00eda, Oil &amp; Gas, y Renovables | Fundador de Nuntis | M.A. Penn State University","alternateName":"Luis Iglesias Monsalve","potentialAction":[{"@type":"SearchAction","target":{"@type":"EntryPoint","urlTemplate":"https:\/\/www.luisiglesias.co\/?s={search_term_string}"},"query-input":{"@type":"PropertyValueSpecification","valueRequired":true,"valueName":"search_term_string"}}],"inLanguage":"es"}]}},"_links":{"self":[{"href":"https:\/\/www.luisiglesias.co\/index.php?rest_route=\/wp\/v2\/pages\/32","targetHints":{"allow":["GET"]}}],"collection":[{"href":"https:\/\/www.luisiglesias.co\/index.php?rest_route=\/wp\/v2\/pages"}],"about":[{"href":"https:\/\/www.luisiglesias.co\/index.php?rest_route=\/wp\/v2\/types\/page"}],"author":[{"embeddable":true,"href":"https:\/\/www.luisiglesias.co\/index.php?rest_route=\/wp\/v2\/users\/1"}],"replies":[{"embeddable":true,"href":"https:\/\/www.luisiglesias.co\/index.php?rest_route=%2Fwp%2Fv2%2Fcomments&post=32"}],"version-history":[{"count":12,"href":"https:\/\/www.luisiglesias.co\/index.php?rest_route=\/wp\/v2\/pages\/32\/revisions"}],"predecessor-version":[{"id":49,"href":"https:\/\/www.luisiglesias.co\/index.php?rest_route=\/wp\/v2\/pages\/32\/revisions\/49"}],"wp:attachment":[{"href":"https:\/\/www.luisiglesias.co\/index.php?rest_route=%2Fwp%2Fv2%2Fmedia&parent=32"}],"curies":[{"name":"wp","href":"https:\/\/api.w.org\/{rel}","templated":true}]}}