{"id":139,"date":"2026-02-27T17:01:27","date_gmt":"2026-02-27T17:01:27","guid":{"rendered":"https:\/\/www.luisiglesias.co\/?page_id=139"},"modified":"2026-02-28T01:14:33","modified_gmt":"2026-02-28T01:14:33","slug":"proyectos-2011-2026","status":"publish","type":"page","link":"https:\/\/www.luisiglesias.co\/?page_id=139","title":{"rendered":"PROYECTOS"},"content":{"rendered":"\n<h2 class=\"wp-block-heading\"><strong>Sector Oil and Gas<\/strong><\/h2>\n\n\n\n<ul class=\"wp-block-list\"><\/ul>\n\n\n\n<ul class=\"wp-block-list\">\n<li><strong>Gesti\u00f3n de comunicaci\u00f3n externa sobre Laudo Arbitral y Proyecto de Modernizaci\u00f3n de Refiner\u00eda de Cartagena<\/strong> <strong><strong>Refiner\u00eda de Cartagena | Grupo Ecopetrol)<\/strong><\/strong> <br><br>Lider\u00e9 la estrategia de comunicaci\u00f3n institucional de Refiner\u00eda de Cartagena durante uno de los procesos m\u00e1s complejos de su historia: el arbitraje internacional contra CB&amp;I\/McDermott ante la C\u00e1mara de Comercio Internacional, que result\u00f3 en un laudo favorable de US$1.000 millones. <br><br>Constru\u00ed y gestion\u00e9 la narrativa institucional que posicion\u00f3 a Reficar no como una empresa en esc\u00e1ndalo, sino como un activo estrat\u00e9gico nacional vindicado. Para ello coordin\u00e9 la vocer\u00eda del presidente Herman Gal\u00e1n ante medios de alto impacto, logrando cobertura en Forbes Colombia y Bloomberg L\u00ednea, dos de los medios financieros m\u00e1s influyentes de Am\u00e9rica Latina.<br><br>Esta estrategia comunicacional contribuy\u00f3 a proteger la reputaci\u00f3n institucional de la segunda empresa m\u00e1s grande de Colombia durante un proceso legal de alcance internacional, y a posicionar el Proyecto de Modernizaci\u00f3n como un hito de la transici\u00f3n energ\u00e9tica colombiana.<\/li>\n<\/ul>\n\n\n\n<figure class=\"wp-block-gallery alignwide has-nested-images columns-default is-cropped wp-block-gallery-1 is-layout-flex wp-block-gallery-is-layout-flex\">\n<figure class=\"wp-block-image size-large\"><img loading=\"lazy\" decoding=\"async\" width=\"1024\" height=\"719\" data-id=\"189\" src=\"https:\/\/www.luisiglesias.co\/wp-content\/uploads\/2026\/02\/Captura-de-pantalla-2026-02-27-a-las-7.27.06-p.-m-1024x719.png\" alt=\"\" class=\"wp-image-189\" srcset=\"https:\/\/www.luisiglesias.co\/wp-content\/uploads\/2026\/02\/Captura-de-pantalla-2026-02-27-a-las-7.27.06-p.-m-1024x719.png 1024w, https:\/\/www.luisiglesias.co\/wp-content\/uploads\/2026\/02\/Captura-de-pantalla-2026-02-27-a-las-7.27.06-p.-m-300x211.png 300w, https:\/\/www.luisiglesias.co\/wp-content\/uploads\/2026\/02\/Captura-de-pantalla-2026-02-27-a-las-7.27.06-p.-m-768x539.png 768w, https:\/\/www.luisiglesias.co\/wp-content\/uploads\/2026\/02\/Captura-de-pantalla-2026-02-27-a-las-7.27.06-p.-m-1536x1079.png 1536w, https:\/\/www.luisiglesias.co\/wp-content\/uploads\/2026\/02\/Captura-de-pantalla-2026-02-27-a-las-7.27.06-p.-m-2048x1438.png 2048w\" sizes=\"auto, (max-width: 767px) 89vw, (max-width: 1000px) 54vw, (max-width: 1071px) 543px, 580px\" \/><\/figure>\n\n\n\n<figure class=\"wp-block-image size-large\"><img loading=\"lazy\" decoding=\"async\" width=\"1024\" height=\"724\" data-id=\"192\" src=\"https:\/\/www.luisiglesias.co\/wp-content\/uploads\/2026\/02\/Captura-de-pantalla-2026-02-27-a-las-7.31.55-p.-m-1024x724.png\" alt=\"\" class=\"wp-image-192\" srcset=\"https:\/\/www.luisiglesias.co\/wp-content\/uploads\/2026\/02\/Captura-de-pantalla-2026-02-27-a-las-7.31.55-p.-m-1024x724.png 1024w, https:\/\/www.luisiglesias.co\/wp-content\/uploads\/2026\/02\/Captura-de-pantalla-2026-02-27-a-las-7.31.55-p.-m-300x212.png 300w, https:\/\/www.luisiglesias.co\/wp-content\/uploads\/2026\/02\/Captura-de-pantalla-2026-02-27-a-las-7.31.55-p.-m-768x543.png 768w, https:\/\/www.luisiglesias.co\/wp-content\/uploads\/2026\/02\/Captura-de-pantalla-2026-02-27-a-las-7.31.55-p.-m-1536x1087.png 1536w, https:\/\/www.luisiglesias.co\/wp-content\/uploads\/2026\/02\/Captura-de-pantalla-2026-02-27-a-las-7.31.55-p.-m-2048x1449.png 2048w\" sizes=\"auto, (max-width: 767px) 89vw, (max-width: 1000px) 54vw, (max-width: 1071px) 543px, 580px\" \/><\/figure>\n<\/figure>\n\n\n\n<ul class=\"wp-block-list\">\n<li><strong>Comunicaci\u00f3n interna para Refiner\u00eda de Cartagena (Refiner\u00eda de Cartagena | Grupo Ecopetrol)<\/strong><\/li>\n<\/ul>\n\n\n\n<p>Dirig\u00ed medios internos de comunicaci\u00f3n en Refiner\u00eda de Cartagena, articulando la narrativa estrat\u00e9gica de uno de los proyectos de modernizaci\u00f3n energ\u00e9tica m\u00e1s importantes de Colombia. El bolet\u00edn fue el principal veh\u00edculo de comunicaci\u00f3n interna en la organizaci\u00f3n durante el proceso de transici\u00f3n energ\u00e9tica e industrial de la refiner\u00eda m\u00e1s compleja del Caribe colombiano.<\/p>\n\n\n\n<figure class=\"wp-block-gallery alignwide has-nested-images columns-default is-cropped wp-block-gallery-2 is-layout-flex wp-block-gallery-is-layout-flex\">\n<figure class=\"wp-block-image size-large\"><img loading=\"lazy\" decoding=\"async\" width=\"719\" height=\"1024\" data-id=\"182\" src=\"https:\/\/www.luisiglesias.co\/wp-content\/uploads\/2026\/02\/Captura-de-pantalla-2026-02-27-a-las-11.56.11-a.-m-719x1024.png\" alt=\"\" class=\"wp-image-182\" srcset=\"https:\/\/www.luisiglesias.co\/wp-content\/uploads\/2026\/02\/Captura-de-pantalla-2026-02-27-a-las-11.56.11-a.-m-719x1024.png 719w, https:\/\/www.luisiglesias.co\/wp-content\/uploads\/2026\/02\/Captura-de-pantalla-2026-02-27-a-las-11.56.11-a.-m-211x300.png 211w, https:\/\/www.luisiglesias.co\/wp-content\/uploads\/2026\/02\/Captura-de-pantalla-2026-02-27-a-las-11.56.11-a.-m-768x1094.png 768w, https:\/\/www.luisiglesias.co\/wp-content\/uploads\/2026\/02\/Captura-de-pantalla-2026-02-27-a-las-11.56.11-a.-m.png 994w\" sizes=\"auto, (max-width: 719px) 100vw, 719px\" \/><\/figure>\n\n\n\n<figure class=\"wp-block-image size-large\"><img loading=\"lazy\" decoding=\"async\" width=\"725\" height=\"1024\" data-id=\"183\" src=\"https:\/\/www.luisiglesias.co\/wp-content\/uploads\/2026\/02\/Captura-de-pantalla-2026-02-27-a-las-7.18.21-p.-m-725x1024.png\" alt=\"\" class=\"wp-image-183\" srcset=\"https:\/\/www.luisiglesias.co\/wp-content\/uploads\/2026\/02\/Captura-de-pantalla-2026-02-27-a-las-7.18.21-p.-m-725x1024.png 725w, https:\/\/www.luisiglesias.co\/wp-content\/uploads\/2026\/02\/Captura-de-pantalla-2026-02-27-a-las-7.18.21-p.-m-213x300.png 213w, https:\/\/www.luisiglesias.co\/wp-content\/uploads\/2026\/02\/Captura-de-pantalla-2026-02-27-a-las-7.18.21-p.-m-768x1084.png 768w, https:\/\/www.luisiglesias.co\/wp-content\/uploads\/2026\/02\/Captura-de-pantalla-2026-02-27-a-las-7.18.21-p.-m-1088x1536.png 1088w, https:\/\/www.luisiglesias.co\/wp-content\/uploads\/2026\/02\/Captura-de-pantalla-2026-02-27-a-las-7.18.21-p.-m.png 1254w\" sizes=\"auto, (max-width: 725px) 100vw, 725px\" \/><\/figure>\n<\/figure>\n\n\n\n<ul class=\"wp-block-list\">\n<li><strong>Inauguraci\u00f3n Ecoparque solar en la Refiner\u00eda de Cartagena <strong>(Refiner\u00eda de Cartagena | Grupo Ecopetrol)<\/strong><\/strong><\/li>\n<\/ul>\n\n\n\n<p>Dirig\u00ed este trabajo audiovisual, que recopila im\u00e1genes y entrevistas de trabajadores y contratistas de la Refiner\u00eda de Cartagena, del Grupo Ecopetrol, en el lanzamiento del Ecoparque Solar que alimenta con energ\u00eda limpia al activo estrat\u00e9gico m\u00e1s importante del Caribe colombiano.<\/p>\n\n\n\n<iframe loading=\"lazy\" src=\"https:\/\/prezi.com\/p\/embed\/58TTzgKWCD98trXYXOQs\/\" id=\"iframe_container\" frameborder=\"0\" webkitallowfullscreen=\"\" mozallowfullscreen=\"\" allowfullscreen=\"\" allow=\"autoplay; fullscreen\" height=\"315\" width=\"560\"><\/iframe>\n\n\n\n<ul class=\"wp-block-list\"><\/ul>\n\n\n\n<h2 class=\"wp-block-heading\"><strong>Sector Minero<\/strong><\/h2>\n\n\n\n<p><strong>Foro \u00abHablemos con Propiedad sobre Miner\u00eda\u00bb (Grupo Prodeco \u2014 Glencore Colombia<\/strong>)<\/p>\n\n\n\n<p>Lider\u00e9 desde su concepci\u00f3n el dise\u00f1o estrat\u00e9gico y la ejecuci\u00f3n del foro anual \u00abHablemos con Propiedad sobre Miner\u00eda\u00bb, una iniciativa que reun\u00eda aproximadamente 200 participantes por edici\u00f3n, incluyendo periodistas, l\u00edderes de opini\u00f3n, tomadores de decisiones y organizaciones del sector minero-energ\u00e9tico del departamento del Cesar.<\/p>\n\n\n\n<p>El foro fue dise\u00f1ado como una plataforma de construcci\u00f3n de narrativa p\u00fablica sobre miner\u00eda responsable, con el objetivo de elevar la calidad del debate period\u00edstico y ciudadano en una regi\u00f3n donde la industria extractiva representa un eje econ\u00f3mico fundamental. <\/p>\n\n\n\n<p>Este trabajo trascendi\u00f3 la funci\u00f3n corporativa para convertirse en un mecanismo de gobernanza comunicacional entre la industria, los medios y la sociedad civil regional, impactando directamente la calidad del debate p\u00fablico sobre miner\u00eda en Colombia.<\/p>\n\n\n\n<figure class=\"wp-block-image size-large\"><img loading=\"lazy\" decoding=\"async\" width=\"1024\" height=\"562\" src=\"https:\/\/www.luisiglesias.co\/wp-content\/uploads\/2026\/02\/Captura-de-pantalla-2026-02-27-a-las-7.59.33-p.-m-1024x562.png\" alt=\"\" class=\"wp-image-198\" srcset=\"https:\/\/www.luisiglesias.co\/wp-content\/uploads\/2026\/02\/Captura-de-pantalla-2026-02-27-a-las-7.59.33-p.-m-1024x562.png 1024w, https:\/\/www.luisiglesias.co\/wp-content\/uploads\/2026\/02\/Captura-de-pantalla-2026-02-27-a-las-7.59.33-p.-m-300x165.png 300w, https:\/\/www.luisiglesias.co\/wp-content\/uploads\/2026\/02\/Captura-de-pantalla-2026-02-27-a-las-7.59.33-p.-m-768x421.png 768w, https:\/\/www.luisiglesias.co\/wp-content\/uploads\/2026\/02\/Captura-de-pantalla-2026-02-27-a-las-7.59.33-p.-m-1536x842.png 1536w\" sizes=\"auto, (max-width: 767px) 89vw, (max-width: 1000px) 54vw, (max-width: 1071px) 543px, 580px\" \/><\/figure>\n\n\n\n<p><\/p>\n","protected":false},"excerpt":{"rendered":"<p>Sector Oil and Gas Dirig\u00ed medios internos de comunicaci\u00f3n en Refiner\u00eda de Cartagena, articulando la narrativa estrat\u00e9gica de uno de los proyectos de modernizaci\u00f3n energ\u00e9tica m\u00e1s importantes de Colombia. El bolet\u00edn fue el principal veh\u00edculo de comunicaci\u00f3n interna en la organizaci\u00f3n durante el proceso de transici\u00f3n energ\u00e9tica e industrial de la refiner\u00eda m\u00e1s compleja del &hellip; <\/p>\n<p class=\"link-more\"><a href=\"https:\/\/www.luisiglesias.co\/?page_id=139\" class=\"more-link\">Continuar leyendo<span class=\"screen-reader-text\"> \u00abPROYECTOS\u00bb<\/span><\/a><\/p>\n","protected":false},"author":1,"featured_media":0,"parent":0,"menu_order":0,"comment_status":"closed","ping_status":"closed","template":"","meta":{"footnotes":""},"class_list":["post-139","page","type-page","status-publish","hentry"],"yoast_head":"<!-- This site is optimized with the Yoast SEO plugin v27.0 - https:\/\/yoast.com\/product\/yoast-seo-wordpress\/ -->\n<title>PROYECTOS - Luis Iglesias Monsalve<\/title>\n<meta name=\"description\" content=\"Comunicaci\u00f3n Estrat\u00e9gica para la Transici\u00f3n Energ\u00e9tica y Cambio Clim\u00e1tico en Colombia.\" \/>\n<meta name=\"robots\" content=\"index, follow, max-snippet:-1, max-image-preview:large, max-video-preview:-1\" \/>\n<link rel=\"canonical\" href=\"https:\/\/www.luisiglesias.co\/?page_id=139\" \/>\n<meta property=\"og:locale\" content=\"es_ES\" \/>\n<meta property=\"og:type\" content=\"article\" \/>\n<meta property=\"og:title\" content=\"PROYECTOS - Luis Iglesias Monsalve\" \/>\n<meta property=\"og:description\" content=\"Comunicaci\u00f3n Estrat\u00e9gica para la Transici\u00f3n Energ\u00e9tica y Cambio Clim\u00e1tico en Colombia.\" \/>\n<meta property=\"og:url\" content=\"https:\/\/www.luisiglesias.co\/?page_id=139\" \/>\n<meta property=\"og:site_name\" content=\"Luis Iglesias Monsalve\" \/>\n<meta property=\"article:modified_time\" content=\"2026-02-28T01:14:33+00:00\" \/>\n<meta property=\"og:image\" content=\"https:\/\/www.luisiglesias.co\/wp-content\/uploads\/2026\/02\/Captura-de-pantalla-2026-02-27-a-las-7.27.06-p.-m.png\" \/>\n\t<meta property=\"og:image:width\" content=\"2110\" \/>\n\t<meta property=\"og:image:height\" content=\"1482\" \/>\n\t<meta property=\"og:image:type\" content=\"image\/png\" \/>\n<meta name=\"twitter:card\" content=\"summary_large_image\" \/>\n<meta name=\"twitter:label1\" content=\"Tiempo de lectura\" \/>\n\t<meta name=\"twitter:data1\" content=\"3 minutos\" \/>\n<script type=\"application\/ld+json\" class=\"yoast-schema-graph\">{\"@context\":\"https:\/\/schema.org\",\"@graph\":[{\"@type\":\"WebPage\",\"@id\":\"https:\/\/www.luisiglesias.co\/?page_id=139\",\"url\":\"https:\/\/www.luisiglesias.co\/?page_id=139\",\"name\":\"PROYECTOS - Luis Iglesias Monsalve\",\"isPartOf\":{\"@id\":\"https:\/\/www.luisiglesias.co\/#website\"},\"primaryImageOfPage\":{\"@id\":\"https:\/\/www.luisiglesias.co\/?page_id=139#primaryimage\"},\"image\":{\"@id\":\"https:\/\/www.luisiglesias.co\/?page_id=139#primaryimage\"},\"thumbnailUrl\":\"https:\/\/www.luisiglesias.co\/wp-content\/uploads\/2026\/02\/Captura-de-pantalla-2026-02-27-a-las-7.27.06-p.-m-1024x719.png\",\"datePublished\":\"2026-02-27T17:01:27+00:00\",\"dateModified\":\"2026-02-28T01:14:33+00:00\",\"description\":\"Comunicaci\u00f3n Estrat\u00e9gica para la Transici\u00f3n Energ\u00e9tica y Cambio Clim\u00e1tico en Colombia.\",\"breadcrumb\":{\"@id\":\"https:\/\/www.luisiglesias.co\/?page_id=139#breadcrumb\"},\"inLanguage\":\"es\",\"potentialAction\":[{\"@type\":\"ReadAction\",\"target\":[\"https:\/\/www.luisiglesias.co\/?page_id=139\"]}]},{\"@type\":\"ImageObject\",\"inLanguage\":\"es\",\"@id\":\"https:\/\/www.luisiglesias.co\/?page_id=139#primaryimage\",\"url\":\"https:\/\/www.luisiglesias.co\/wp-content\/uploads\/2026\/02\/Captura-de-pantalla-2026-02-27-a-las-7.27.06-p.-m.png\",\"contentUrl\":\"https:\/\/www.luisiglesias.co\/wp-content\/uploads\/2026\/02\/Captura-de-pantalla-2026-02-27-a-las-7.27.06-p.-m.png\",\"width\":2110,\"height\":1482},{\"@type\":\"BreadcrumbList\",\"@id\":\"https:\/\/www.luisiglesias.co\/?page_id=139#breadcrumb\",\"itemListElement\":[{\"@type\":\"ListItem\",\"position\":1,\"name\":\"Portada\",\"item\":\"https:\/\/www.luisiglesias.co\/\"},{\"@type\":\"ListItem\",\"position\":2,\"name\":\"PROYECTOS\"}]},{\"@type\":\"WebSite\",\"@id\":\"https:\/\/www.luisiglesias.co\/#website\",\"url\":\"https:\/\/www.luisiglesias.co\/\",\"name\":\"Luis Iglesias\",\"description\":\"Comunicador Estrat\u00e9gico | Industria Energ\u00e9tica, Miner\u00eda, Oil &amp; Gas, y Renovables | Fundador de Nuntis | M.A. Penn State University\",\"alternateName\":\"Luis Iglesias Monsalve\",\"potentialAction\":[{\"@type\":\"SearchAction\",\"target\":{\"@type\":\"EntryPoint\",\"urlTemplate\":\"https:\/\/www.luisiglesias.co\/?s={search_term_string}\"},\"query-input\":{\"@type\":\"PropertyValueSpecification\",\"valueRequired\":true,\"valueName\":\"search_term_string\"}}],\"inLanguage\":\"es\"}]}<\/script>\n<!-- \/ Yoast SEO plugin. -->","yoast_head_json":{"title":"PROYECTOS - Luis Iglesias Monsalve","description":"Comunicaci\u00f3n Estrat\u00e9gica para la Transici\u00f3n Energ\u00e9tica y Cambio Clim\u00e1tico en Colombia.","robots":{"index":"index","follow":"follow","max-snippet":"max-snippet:-1","max-image-preview":"max-image-preview:large","max-video-preview":"max-video-preview:-1"},"canonical":"https:\/\/www.luisiglesias.co\/?page_id=139","og_locale":"es_ES","og_type":"article","og_title":"PROYECTOS - Luis Iglesias Monsalve","og_description":"Comunicaci\u00f3n Estrat\u00e9gica para la Transici\u00f3n Energ\u00e9tica y Cambio Clim\u00e1tico en Colombia.","og_url":"https:\/\/www.luisiglesias.co\/?page_id=139","og_site_name":"Luis Iglesias Monsalve","article_modified_time":"2026-02-28T01:14:33+00:00","og_image":[{"width":2110,"height":1482,"url":"https:\/\/www.luisiglesias.co\/wp-content\/uploads\/2026\/02\/Captura-de-pantalla-2026-02-27-a-las-7.27.06-p.-m.png","type":"image\/png"}],"twitter_card":"summary_large_image","twitter_misc":{"Tiempo de lectura":"3 minutos"},"schema":{"@context":"https:\/\/schema.org","@graph":[{"@type":"WebPage","@id":"https:\/\/www.luisiglesias.co\/?page_id=139","url":"https:\/\/www.luisiglesias.co\/?page_id=139","name":"PROYECTOS - Luis Iglesias Monsalve","isPartOf":{"@id":"https:\/\/www.luisiglesias.co\/#website"},"primaryImageOfPage":{"@id":"https:\/\/www.luisiglesias.co\/?page_id=139#primaryimage"},"image":{"@id":"https:\/\/www.luisiglesias.co\/?page_id=139#primaryimage"},"thumbnailUrl":"https:\/\/www.luisiglesias.co\/wp-content\/uploads\/2026\/02\/Captura-de-pantalla-2026-02-27-a-las-7.27.06-p.-m-1024x719.png","datePublished":"2026-02-27T17:01:27+00:00","dateModified":"2026-02-28T01:14:33+00:00","description":"Comunicaci\u00f3n Estrat\u00e9gica para la Transici\u00f3n Energ\u00e9tica y Cambio Clim\u00e1tico en Colombia.","breadcrumb":{"@id":"https:\/\/www.luisiglesias.co\/?page_id=139#breadcrumb"},"inLanguage":"es","potentialAction":[{"@type":"ReadAction","target":["https:\/\/www.luisiglesias.co\/?page_id=139"]}]},{"@type":"ImageObject","inLanguage":"es","@id":"https:\/\/www.luisiglesias.co\/?page_id=139#primaryimage","url":"https:\/\/www.luisiglesias.co\/wp-content\/uploads\/2026\/02\/Captura-de-pantalla-2026-02-27-a-las-7.27.06-p.-m.png","contentUrl":"https:\/\/www.luisiglesias.co\/wp-content\/uploads\/2026\/02\/Captura-de-pantalla-2026-02-27-a-las-7.27.06-p.-m.png","width":2110,"height":1482},{"@type":"BreadcrumbList","@id":"https:\/\/www.luisiglesias.co\/?page_id=139#breadcrumb","itemListElement":[{"@type":"ListItem","position":1,"name":"Portada","item":"https:\/\/www.luisiglesias.co\/"},{"@type":"ListItem","position":2,"name":"PROYECTOS"}]},{"@type":"WebSite","@id":"https:\/\/www.luisiglesias.co\/#website","url":"https:\/\/www.luisiglesias.co\/","name":"Luis Iglesias","description":"Comunicador Estrat\u00e9gico | Industria Energ\u00e9tica, Miner\u00eda, Oil &amp; Gas, y Renovables | Fundador de Nuntis | M.A. Penn State University","alternateName":"Luis Iglesias Monsalve","potentialAction":[{"@type":"SearchAction","target":{"@type":"EntryPoint","urlTemplate":"https:\/\/www.luisiglesias.co\/?s={search_term_string}"},"query-input":{"@type":"PropertyValueSpecification","valueRequired":true,"valueName":"search_term_string"}}],"inLanguage":"es"}]}},"_links":{"self":[{"href":"https:\/\/www.luisiglesias.co\/index.php?rest_route=\/wp\/v2\/pages\/139","targetHints":{"allow":["GET"]}}],"collection":[{"href":"https:\/\/www.luisiglesias.co\/index.php?rest_route=\/wp\/v2\/pages"}],"about":[{"href":"https:\/\/www.luisiglesias.co\/index.php?rest_route=\/wp\/v2\/types\/page"}],"author":[{"embeddable":true,"href":"https:\/\/www.luisiglesias.co\/index.php?rest_route=\/wp\/v2\/users\/1"}],"replies":[{"embeddable":true,"href":"https:\/\/www.luisiglesias.co\/index.php?rest_route=%2Fwp%2Fv2%2Fcomments&post=139"}],"version-history":[{"count":29,"href":"https:\/\/www.luisiglesias.co\/index.php?rest_route=\/wp\/v2\/pages\/139\/revisions"}],"predecessor-version":[{"id":207,"href":"https:\/\/www.luisiglesias.co\/index.php?rest_route=\/wp\/v2\/pages\/139\/revisions\/207"}],"wp:attachment":[{"href":"https:\/\/www.luisiglesias.co\/index.php?rest_route=%2Fwp%2Fv2%2Fmedia&parent=139"}],"curies":[{"name":"wp","href":"https:\/\/api.w.org\/{rel}","templated":true}]}}