{"id":109,"date":"2026-02-20T01:18:55","date_gmt":"2026-02-20T01:18:55","guid":{"rendered":"https:\/\/www.luisiglesias.co\/?page_id=109"},"modified":"2026-03-10T22:41:02","modified_gmt":"2026-03-10T22:41:02","slug":"investigaciones","status":"publish","type":"page","link":"https:\/\/www.luisiglesias.co\/?page_id=109","title":{"rendered":"INVESTIGACIONES"},"content":{"rendered":"\n<p>Esta secci\u00f3n re\u00fane mi producci\u00f3n acad\u00e9mica y l\u00edneas de investigaci\u00f3n en el campo de la comunicaci\u00f3n, con especial inter\u00e9s en opini\u00f3n p\u00fablica, narrativa estrat\u00e9gica y construcci\u00f3n de sentido en entornos institucionales y corporativos.<\/p>\n\n\n\n<h2 class=\"wp-block-heading\"><strong>Tesis de maestr\u00eda<\/strong><\/h2>\n\n\n\n<p><strong>Deconstructing Cognitive Bias of the Latino Electoral Public Opinion in the U.S. and Its Relationship with Media During the Post-Truth Era. <\/strong>Mi tesis de maestr\u00eda explora c\u00f3mo los sesgos cognitivos influyen en la opini\u00f3n p\u00fablica electoral latina en los Estados Unidos y c\u00f3mo los medios interact\u00faan con esos sesgos en una era pos-verdad. <a href=\"https:\/\/etda.libraries.psu.edu\/catalog\/16396lei2\" target=\"_blank\" rel=\"noreferrer noopener\">Leer tesis completa.<\/a><\/p>\n\n\n\n<h2 class=\"wp-block-heading\"><strong>Whitepaper<\/strong> &#8211; STCM<\/h2>\n\n\n\n<p>The STCM Whitepaper argues that U.S. energy transition projects fail not because of technology or capital, but because governance communication is broken. This document introduces a framework that embeds narrative architecture within institutional decision-making \u2014 turning communication from a messaging function into a structural tool for implementation stability. <a href=\"https:\/\/www.luisiglesias.co\/wp-content\/uploads\/2026\/03\/nuntis-stcm-whitepaper-2026.pdf\" type=\"link\" id=\"https:\/\/www.luisiglesias.co\/wp-content\/uploads\/2026\/03\/nuntis-stcm-whitepaper-2026.pdf\">Get Whitepaper<\/a><\/p>\n","protected":false},"excerpt":{"rendered":"<p>Esta secci\u00f3n re\u00fane mi producci\u00f3n acad\u00e9mica y l\u00edneas de investigaci\u00f3n en el campo de la comunicaci\u00f3n, con especial inter\u00e9s en opini\u00f3n p\u00fablica, narrativa estrat\u00e9gica y construcci\u00f3n de sentido en entornos institucionales y corporativos. Tesis de maestr\u00eda Deconstructing Cognitive Bias of the Latino Electoral Public Opinion in the U.S. and Its Relationship with Media During the &hellip; <\/p>\n<p class=\"link-more\"><a href=\"https:\/\/www.luisiglesias.co\/?page_id=109\" class=\"more-link\">Continuar leyendo<span class=\"screen-reader-text\"> \u00abINVESTIGACIONES\u00bb<\/span><\/a><\/p>\n","protected":false},"author":1,"featured_media":0,"parent":0,"menu_order":0,"comment_status":"closed","ping_status":"closed","template":"","meta":{"footnotes":""},"class_list":["post-109","page","type-page","status-publish","hentry"],"yoast_head":"<!-- This site is optimized with the Yoast SEO plugin v27.0 - https:\/\/yoast.com\/product\/yoast-seo-wordpress\/ -->\n<title>INVESTIGACIONES - Luis Iglesias Monsalve<\/title>\n<meta name=\"description\" content=\"Comunicaci\u00f3n Estrat\u00e9gica para la Transici\u00f3n Energ\u00e9tica y Cambio Clim\u00e1tico en Colombia.\" \/>\n<meta name=\"robots\" content=\"index, follow, max-snippet:-1, max-image-preview:large, max-video-preview:-1\" \/>\n<link rel=\"canonical\" href=\"https:\/\/www.luisiglesias.co\/?page_id=109\" \/>\n<meta property=\"og:locale\" content=\"es_ES\" \/>\n<meta property=\"og:type\" content=\"article\" \/>\n<meta property=\"og:title\" content=\"INVESTIGACIONES - Luis Iglesias Monsalve\" \/>\n<meta property=\"og:description\" content=\"Comunicaci\u00f3n Estrat\u00e9gica para la Transici\u00f3n Energ\u00e9tica y Cambio Clim\u00e1tico en Colombia.\" \/>\n<meta property=\"og:url\" content=\"https:\/\/www.luisiglesias.co\/?page_id=109\" \/>\n<meta property=\"og:site_name\" content=\"Luis Iglesias Monsalve\" \/>\n<meta property=\"article:modified_time\" content=\"2026-03-10T22:41:02+00:00\" \/>\n<meta name=\"twitter:card\" content=\"summary_large_image\" \/>\n<meta name=\"twitter:label1\" content=\"Tiempo de lectura\" \/>\n\t<meta name=\"twitter:data1\" content=\"1 minuto\" \/>\n<script type=\"application\/ld+json\" class=\"yoast-schema-graph\">{\"@context\":\"https:\/\/schema.org\",\"@graph\":[{\"@type\":\"WebPage\",\"@id\":\"https:\/\/www.luisiglesias.co\/?page_id=109\",\"url\":\"https:\/\/www.luisiglesias.co\/?page_id=109\",\"name\":\"INVESTIGACIONES - Luis Iglesias Monsalve\",\"isPartOf\":{\"@id\":\"https:\/\/www.luisiglesias.co\/#website\"},\"datePublished\":\"2026-02-20T01:18:55+00:00\",\"dateModified\":\"2026-03-10T22:41:02+00:00\",\"description\":\"Comunicaci\u00f3n Estrat\u00e9gica para la Transici\u00f3n Energ\u00e9tica y Cambio Clim\u00e1tico en Colombia.\",\"breadcrumb\":{\"@id\":\"https:\/\/www.luisiglesias.co\/?page_id=109#breadcrumb\"},\"inLanguage\":\"es\",\"potentialAction\":[{\"@type\":\"ReadAction\",\"target\":[\"https:\/\/www.luisiglesias.co\/?page_id=109\"]}]},{\"@type\":\"BreadcrumbList\",\"@id\":\"https:\/\/www.luisiglesias.co\/?page_id=109#breadcrumb\",\"itemListElement\":[{\"@type\":\"ListItem\",\"position\":1,\"name\":\"Portada\",\"item\":\"https:\/\/www.luisiglesias.co\/\"},{\"@type\":\"ListItem\",\"position\":2,\"name\":\"INVESTIGACIONES\"}]},{\"@type\":\"WebSite\",\"@id\":\"https:\/\/www.luisiglesias.co\/#website\",\"url\":\"https:\/\/www.luisiglesias.co\/\",\"name\":\"Luis Iglesias\",\"description\":\"Comunicador Estrat\u00e9gico | Industria Energ\u00e9tica, Miner\u00eda, Oil &amp; Gas, y Renovables | Fundador de Nuntis | M.A. Penn State University\",\"alternateName\":\"Luis Iglesias Monsalve\",\"potentialAction\":[{\"@type\":\"SearchAction\",\"target\":{\"@type\":\"EntryPoint\",\"urlTemplate\":\"https:\/\/www.luisiglesias.co\/?s={search_term_string}\"},\"query-input\":{\"@type\":\"PropertyValueSpecification\",\"valueRequired\":true,\"valueName\":\"search_term_string\"}}],\"inLanguage\":\"es\"}]}<\/script>\n<!-- \/ Yoast SEO plugin. -->","yoast_head_json":{"title":"INVESTIGACIONES - Luis Iglesias Monsalve","description":"Comunicaci\u00f3n Estrat\u00e9gica para la Transici\u00f3n Energ\u00e9tica y Cambio Clim\u00e1tico en Colombia.","robots":{"index":"index","follow":"follow","max-snippet":"max-snippet:-1","max-image-preview":"max-image-preview:large","max-video-preview":"max-video-preview:-1"},"canonical":"https:\/\/www.luisiglesias.co\/?page_id=109","og_locale":"es_ES","og_type":"article","og_title":"INVESTIGACIONES - Luis Iglesias Monsalve","og_description":"Comunicaci\u00f3n Estrat\u00e9gica para la Transici\u00f3n Energ\u00e9tica y Cambio Clim\u00e1tico en Colombia.","og_url":"https:\/\/www.luisiglesias.co\/?page_id=109","og_site_name":"Luis Iglesias Monsalve","article_modified_time":"2026-03-10T22:41:02+00:00","twitter_card":"summary_large_image","twitter_misc":{"Tiempo de lectura":"1 minuto"},"schema":{"@context":"https:\/\/schema.org","@graph":[{"@type":"WebPage","@id":"https:\/\/www.luisiglesias.co\/?page_id=109","url":"https:\/\/www.luisiglesias.co\/?page_id=109","name":"INVESTIGACIONES - Luis Iglesias Monsalve","isPartOf":{"@id":"https:\/\/www.luisiglesias.co\/#website"},"datePublished":"2026-02-20T01:18:55+00:00","dateModified":"2026-03-10T22:41:02+00:00","description":"Comunicaci\u00f3n Estrat\u00e9gica para la Transici\u00f3n Energ\u00e9tica y Cambio Clim\u00e1tico en Colombia.","breadcrumb":{"@id":"https:\/\/www.luisiglesias.co\/?page_id=109#breadcrumb"},"inLanguage":"es","potentialAction":[{"@type":"ReadAction","target":["https:\/\/www.luisiglesias.co\/?page_id=109"]}]},{"@type":"BreadcrumbList","@id":"https:\/\/www.luisiglesias.co\/?page_id=109#breadcrumb","itemListElement":[{"@type":"ListItem","position":1,"name":"Portada","item":"https:\/\/www.luisiglesias.co\/"},{"@type":"ListItem","position":2,"name":"INVESTIGACIONES"}]},{"@type":"WebSite","@id":"https:\/\/www.luisiglesias.co\/#website","url":"https:\/\/www.luisiglesias.co\/","name":"Luis Iglesias","description":"Comunicador Estrat\u00e9gico | Industria Energ\u00e9tica, Miner\u00eda, Oil &amp; Gas, y Renovables | Fundador de Nuntis | M.A. Penn State University","alternateName":"Luis Iglesias Monsalve","potentialAction":[{"@type":"SearchAction","target":{"@type":"EntryPoint","urlTemplate":"https:\/\/www.luisiglesias.co\/?s={search_term_string}"},"query-input":{"@type":"PropertyValueSpecification","valueRequired":true,"valueName":"search_term_string"}}],"inLanguage":"es"}]}},"_links":{"self":[{"href":"https:\/\/www.luisiglesias.co\/index.php?rest_route=\/wp\/v2\/pages\/109","targetHints":{"allow":["GET"]}}],"collection":[{"href":"https:\/\/www.luisiglesias.co\/index.php?rest_route=\/wp\/v2\/pages"}],"about":[{"href":"https:\/\/www.luisiglesias.co\/index.php?rest_route=\/wp\/v2\/types\/page"}],"author":[{"embeddable":true,"href":"https:\/\/www.luisiglesias.co\/index.php?rest_route=\/wp\/v2\/users\/1"}],"replies":[{"embeddable":true,"href":"https:\/\/www.luisiglesias.co\/index.php?rest_route=%2Fwp%2Fv2%2Fcomments&post=109"}],"version-history":[{"count":12,"href":"https:\/\/www.luisiglesias.co\/index.php?rest_route=\/wp\/v2\/pages\/109\/revisions"}],"predecessor-version":[{"id":230,"href":"https:\/\/www.luisiglesias.co\/index.php?rest_route=\/wp\/v2\/pages\/109\/revisions\/230"}],"wp:attachment":[{"href":"https:\/\/www.luisiglesias.co\/index.php?rest_route=%2Fwp%2Fv2%2Fmedia&parent=109"}],"curies":[{"name":"wp","href":"https:\/\/api.w.org\/{rel}","templated":true}]}}