{"id":10,"date":"2026-02-18T23:39:29","date_gmt":"2026-02-18T23:39:29","guid":{"rendered":"https:\/\/www.luisiglesias.co\/?page_id=10"},"modified":"2026-04-05T12:49:26","modified_gmt":"2026-04-05T12:49:26","slug":"inicio","status":"publish","type":"page","link":"https:\/\/www.luisiglesias.co\/","title":{"rendered":"Sobre m\u00ed"},"content":{"rendered":"\n<p>Mi nombre es <strong>Luis Iglesias Monsalve<\/strong>. Soy comunicador social y mag\u00edster en Comunicaci\u00f3n de la <strong>Pennsylvania State University<\/strong>, en Estados Unidos, y formado en periodismo en la Universidad Aut\u00f3noma del Caribe, en Barranquilla (Colombia). Mi trayectoria conecta el periodismo, el <strong>sector energ\u00e9tico y la comunicaci\u00f3n estrat\u00e9gica<\/strong> en organizaciones p\u00fablicas y privadas: me interesa comprender c\u00f3mo las narrativas, la opini\u00f3n p\u00fablica y la construcci\u00f3n de sentido influyen en la legitimidad social alrededor de la industria energ\u00e9tica.<\/p>\n\n\n\n<p>Adem\u00e1s, soy fundador de <strong>Nuntis<\/strong>, un espacio de reflexi\u00f3n y pensamiento enfocado en comunicaci\u00f3n para la industria energ\u00e9tica en Colombia.<\/p>\n\n\n\n<div class=\"wp-block-buttons is-content-justification-center is-layout-flex wp-container-core-buttons-is-layout-51f7783f wp-block-buttons-is-layout-flex\">\n<div class=\"wp-block-button is-style-outline is-style-outline--1\"><a class=\"wp-block-button__link wp-element-button\" href=\"https:\/\/www.luisiglesias.co\/?page_id=32\">VER M\u00c1S<\/a><\/div>\n<\/div>\n\n\n\n<div class=\"wp-block-columns is-layout-flex wp-container-core-columns-is-layout-9d6595d7 wp-block-columns-is-layout-flex\">\n<div class=\"wp-block-column is-layout-flow wp-block-column-is-layout-flow\" style=\"flex-basis:100%\"><\/div>\n<\/div>\n\n\n\n<p><\/p>\n","protected":false},"excerpt":{"rendered":"<p>Mi nombre es Luis Iglesias Monsalve. Soy comunicador social y mag\u00edster en Comunicaci\u00f3n de la Pennsylvania State University, en Estados Unidos, y formado en periodismo en la Universidad Aut\u00f3noma del Caribe, en Barranquilla (Colombia). Mi trayectoria conecta el periodismo, el sector energ\u00e9tico y la comunicaci\u00f3n estrat\u00e9gica en organizaciones p\u00fablicas y privadas: me interesa comprender c\u00f3mo &hellip; <\/p>\n<p class=\"link-more\"><a href=\"https:\/\/www.luisiglesias.co\/\" class=\"more-link\">Continuar leyendo<span class=\"screen-reader-text\"> \u00abSobre m\u00ed\u00bb<\/span><\/a><\/p>\n","protected":false},"author":1,"featured_media":0,"parent":0,"menu_order":0,"comment_status":"closed","ping_status":"closed","template":"","meta":{"footnotes":""},"class_list":["post-10","page","type-page","status-publish","hentry"],"yoast_head":"<!-- This site is optimized with the Yoast SEO plugin v27.0 - https:\/\/yoast.com\/product\/yoast-seo-wordpress\/ -->\n<title>Sobre m\u00ed - Luis Iglesias Monsalve<\/title>\n<meta name=\"description\" content=\"Comunicaci\u00f3n Estrat\u00e9gica para la Transici\u00f3n Energ\u00e9tica y Cambio Clim\u00e1tico en Colombia.\" \/>\n<meta name=\"robots\" content=\"index, follow, max-snippet:-1, max-image-preview:large, max-video-preview:-1\" \/>\n<link rel=\"canonical\" href=\"https:\/\/www.luisiglesias.co\/\" \/>\n<meta property=\"og:locale\" content=\"es_ES\" \/>\n<meta property=\"og:type\" content=\"article\" \/>\n<meta property=\"og:title\" content=\"Sobre m\u00ed - Luis Iglesias Monsalve\" \/>\n<meta property=\"og:description\" content=\"Comunicaci\u00f3n Estrat\u00e9gica para la Transici\u00f3n Energ\u00e9tica y Cambio Clim\u00e1tico en Colombia.\" \/>\n<meta property=\"og:url\" content=\"https:\/\/www.luisiglesias.co\/\" \/>\n<meta property=\"og:site_name\" content=\"Luis Iglesias Monsalve\" \/>\n<meta property=\"article:modified_time\" content=\"2026-04-05T12:49:26+00:00\" \/>\n<meta name=\"twitter:card\" content=\"summary_large_image\" \/>\n<meta name=\"twitter:label1\" content=\"Tiempo de lectura\" \/>\n\t<meta name=\"twitter:data1\" content=\"1 minuto\" \/>\n<script type=\"application\/ld+json\" class=\"yoast-schema-graph\">{\"@context\":\"https:\/\/schema.org\",\"@graph\":[{\"@type\":\"WebPage\",\"@id\":\"https:\/\/www.luisiglesias.co\/\",\"url\":\"https:\/\/www.luisiglesias.co\/\",\"name\":\"Sobre m\u00ed - Luis Iglesias Monsalve\",\"isPartOf\":{\"@id\":\"https:\/\/www.luisiglesias.co\/#website\"},\"datePublished\":\"2026-02-18T23:39:29+00:00\",\"dateModified\":\"2026-04-05T12:49:26+00:00\",\"description\":\"Comunicaci\u00f3n Estrat\u00e9gica para la Transici\u00f3n Energ\u00e9tica y Cambio Clim\u00e1tico en Colombia.\",\"breadcrumb\":{\"@id\":\"https:\/\/www.luisiglesias.co\/#breadcrumb\"},\"inLanguage\":\"es\",\"potentialAction\":[{\"@type\":\"ReadAction\",\"target\":[\"https:\/\/www.luisiglesias.co\/\"]}]},{\"@type\":\"BreadcrumbList\",\"@id\":\"https:\/\/www.luisiglesias.co\/#breadcrumb\",\"itemListElement\":[{\"@type\":\"ListItem\",\"position\":1,\"name\":\"Portada\",\"item\":\"https:\/\/www.luisiglesias.co\/\"},{\"@type\":\"ListItem\",\"position\":2,\"name\":\"Sobre m\u00ed\"}]},{\"@type\":\"WebSite\",\"@id\":\"https:\/\/www.luisiglesias.co\/#website\",\"url\":\"https:\/\/www.luisiglesias.co\/\",\"name\":\"Luis Iglesias\",\"description\":\"Comunicador Estrat\u00e9gico | Industria Energ\u00e9tica, Miner\u00eda, Oil &amp; Gas, y Renovables | Fundador de Nuntis | M.A. Penn State University\",\"alternateName\":\"Luis Iglesias Monsalve\",\"potentialAction\":[{\"@type\":\"SearchAction\",\"target\":{\"@type\":\"EntryPoint\",\"urlTemplate\":\"https:\/\/www.luisiglesias.co\/?s={search_term_string}\"},\"query-input\":{\"@type\":\"PropertyValueSpecification\",\"valueRequired\":true,\"valueName\":\"search_term_string\"}}],\"inLanguage\":\"es\"}]}<\/script>\n<!-- \/ Yoast SEO plugin. -->","yoast_head_json":{"title":"Sobre m\u00ed - Luis Iglesias Monsalve","description":"Comunicaci\u00f3n Estrat\u00e9gica para la Transici\u00f3n Energ\u00e9tica y Cambio Clim\u00e1tico en Colombia.","robots":{"index":"index","follow":"follow","max-snippet":"max-snippet:-1","max-image-preview":"max-image-preview:large","max-video-preview":"max-video-preview:-1"},"canonical":"https:\/\/www.luisiglesias.co\/","og_locale":"es_ES","og_type":"article","og_title":"Sobre m\u00ed - Luis Iglesias Monsalve","og_description":"Comunicaci\u00f3n Estrat\u00e9gica para la Transici\u00f3n Energ\u00e9tica y Cambio Clim\u00e1tico en Colombia.","og_url":"https:\/\/www.luisiglesias.co\/","og_site_name":"Luis Iglesias Monsalve","article_modified_time":"2026-04-05T12:49:26+00:00","twitter_card":"summary_large_image","twitter_misc":{"Tiempo de lectura":"1 minuto"},"schema":{"@context":"https:\/\/schema.org","@graph":[{"@type":"WebPage","@id":"https:\/\/www.luisiglesias.co\/","url":"https:\/\/www.luisiglesias.co\/","name":"Sobre m\u00ed - Luis Iglesias Monsalve","isPartOf":{"@id":"https:\/\/www.luisiglesias.co\/#website"},"datePublished":"2026-02-18T23:39:29+00:00","dateModified":"2026-04-05T12:49:26+00:00","description":"Comunicaci\u00f3n Estrat\u00e9gica para la Transici\u00f3n Energ\u00e9tica y Cambio Clim\u00e1tico en Colombia.","breadcrumb":{"@id":"https:\/\/www.luisiglesias.co\/#breadcrumb"},"inLanguage":"es","potentialAction":[{"@type":"ReadAction","target":["https:\/\/www.luisiglesias.co\/"]}]},{"@type":"BreadcrumbList","@id":"https:\/\/www.luisiglesias.co\/#breadcrumb","itemListElement":[{"@type":"ListItem","position":1,"name":"Portada","item":"https:\/\/www.luisiglesias.co\/"},{"@type":"ListItem","position":2,"name":"Sobre m\u00ed"}]},{"@type":"WebSite","@id":"https:\/\/www.luisiglesias.co\/#website","url":"https:\/\/www.luisiglesias.co\/","name":"Luis Iglesias","description":"Comunicador Estrat\u00e9gico | Industria Energ\u00e9tica, Miner\u00eda, Oil &amp; Gas, y Renovables | Fundador de Nuntis | M.A. Penn State University","alternateName":"Luis Iglesias Monsalve","potentialAction":[{"@type":"SearchAction","target":{"@type":"EntryPoint","urlTemplate":"https:\/\/www.luisiglesias.co\/?s={search_term_string}"},"query-input":{"@type":"PropertyValueSpecification","valueRequired":true,"valueName":"search_term_string"}}],"inLanguage":"es"}]}},"_links":{"self":[{"href":"https:\/\/www.luisiglesias.co\/index.php?rest_route=\/wp\/v2\/pages\/10","targetHints":{"allow":["GET"]}}],"collection":[{"href":"https:\/\/www.luisiglesias.co\/index.php?rest_route=\/wp\/v2\/pages"}],"about":[{"href":"https:\/\/www.luisiglesias.co\/index.php?rest_route=\/wp\/v2\/types\/page"}],"author":[{"embeddable":true,"href":"https:\/\/www.luisiglesias.co\/index.php?rest_route=\/wp\/v2\/users\/1"}],"replies":[{"embeddable":true,"href":"https:\/\/www.luisiglesias.co\/index.php?rest_route=%2Fwp%2Fv2%2Fcomments&post=10"}],"version-history":[{"count":23,"href":"https:\/\/www.luisiglesias.co\/index.php?rest_route=\/wp\/v2\/pages\/10\/revisions"}],"predecessor-version":[{"id":238,"href":"https:\/\/www.luisiglesias.co\/index.php?rest_route=\/wp\/v2\/pages\/10\/revisions\/238"}],"wp:attachment":[{"href":"https:\/\/www.luisiglesias.co\/index.php?rest_route=%2Fwp%2Fv2%2Fmedia&parent=10"}],"curies":[{"name":"wp","href":"https:\/\/api.w.org\/{rel}","templated":true}]}}